{"id":27352,"date":"2022-03-15T10:14:51","date_gmt":"2022-03-15T08:14:51","guid":{"rendered":"https:\/\/noesis-shop.gr\/product\/mundus-tolika-sophia\/"},"modified":"2022-03-15T10:20:50","modified_gmt":"2022-03-15T08:20:50","slug":"mundus-tolika-sophia","status":"publish","type":"product","link":"https:\/\/noesis-shop.gr\/en\/product\/mundus-tolika-sophia\/","title":{"rendered":"MUNDUS Sophia Tolika"},"content":{"rendered":"","protected":false},"excerpt":{"rendered":"<p>Sophia Tolika &#8211; MUNDUS<\/p>\n<p>MUNDUS (the Latin word for World) is a journey through spaces and materials, signs of life and personal items investigating the relationship between the subterranean world and the Cosmos.<\/p>\n<p>Photos, taken between 2010-2019 during the construction of underground infrastructure in the city of Thessaloniki reveal an invisible world that is in constant flux, shaped through explosions and demolitions, metamorphoses and transformations, thrusts and reconstructions. Connotations are evoked primarily from visual references to outer space, space missions and astronomical drawings, as well as through the alternating scale and angle of view of the pictures.<\/p>\n<p>MUNDUS brings out the beauty of exploration and the mystery of creation combining art with science, the imaginary with the real and the earthy with the aerial, through a visual process that borrows from geology, engineering, astronomy, mathematics and art.<\/p>\n<p>Edited by: Moritz Neum\u00fcller<\/p>\n<p>Designed by: Jaime Narv\u00e0ez<\/p>\n<p>Printed in Spain by: Artes Gr\u00e1ficas Palermo<\/p>\n<p>112 pages<\/p>\n","protected":false},"featured_media":27338,"comment_status":"closed","ping_status":"closed","template":"","meta":[],"product_brand":[],"product_cat":[168],"product_tag":[],"class_list":{"0":"post-27352","1":"product","2":"type-product","3":"status-publish","4":"has-post-thumbnail","6":"product_cat-books-en","8":"first","9":"instock","10":"taxable","11":"shipping-taxable","12":"purchasable","13":"product-type-simple"},"yoast_head":"<!-- This site is optimized with the Yoast SEO plugin v24.7 - https:\/\/yoast.com\/wordpress\/plugins\/seo\/ -->\n<title>MUNDUS Sophia Tolika - Noesis Eshop<\/title>\n<meta name=\"robots\" content=\"index, follow, max-snippet:-1, max-image-preview:large, max-video-preview:-1\" \/>\n<link rel=\"canonical\" href=\"https:\/\/noesis-shop.gr\/en\/product\/mundus-tolika-sophia\/\" \/>\n<meta property=\"og:locale\" content=\"en_US\" \/>\n<meta property=\"og:type\" content=\"article\" \/>\n<meta property=\"og:title\" content=\"MUNDUS Sophia Tolika - Noesis Eshop\" \/>\n<meta property=\"og:description\" content=\"Sophia Tolika - MUNDUS  MUNDUS (the Latin word for World) is a journey through spaces and materials, signs of life and personal items investigating the relationship between the subterranean world and the Cosmos.  Photos, taken between 2010-2019 during the construction of underground infrastructure in the city of Thessaloniki reveal an invisible world that is in constant flux, shaped through explosions and demolitions, metamorphoses and transformations, thrusts and reconstructions. Connotations are evoked primarily from visual references to outer space, space missions and astronomical drawings, as well as through the alternating scale and angle of view of the pictures.  MUNDUS brings out the beauty of exploration and the mystery of creation combining art with science, the imaginary with the real and the earthy with the aerial, through a visual process that borrows from geology, engineering, astronomy, mathematics and art.   Edited by: Moritz Neum\u00fcller  Designed by: Jaime Narv\u00e0ez  Printed in Spain by: Artes Gr\u00e1ficas Palermo  112 pages\" \/>\n<meta property=\"og:url\" content=\"https:\/\/noesis-shop.gr\/en\/product\/mundus-tolika-sophia\/\" \/>\n<meta property=\"og:site_name\" content=\"Noesis Eshop\" \/>\n<meta property=\"article:publisher\" content=\"https:\/\/www.facebook.com\/NoesisScienceCenter\" \/>\n<meta property=\"article:modified_time\" content=\"2022-03-15T08:20:50+00:00\" \/>\n<meta property=\"og:image\" content=\"https:\/\/noesis-shop.gr\/wp-content\/uploads\/2022\/03\/MUNDUS.jpg\" \/>\n\t<meta property=\"og:image:width\" content=\"1050\" \/>\n\t<meta property=\"og:image:height\" content=\"1050\" \/>\n\t<meta property=\"og:image:type\" content=\"image\/jpeg\" \/>\n<meta name=\"twitter:card\" content=\"summary_large_image\" \/>\n<script type=\"application\/ld+json\" class=\"yoast-schema-graph\">{\"@context\":\"https:\/\/schema.org\",\"@graph\":[{\"@type\":\"WebPage\",\"@id\":\"https:\/\/noesis-shop.gr\/en\/product\/mundus-tolika-sophia\/\",\"url\":\"https:\/\/noesis-shop.gr\/en\/product\/mundus-tolika-sophia\/\",\"name\":\"MUNDUS Sophia Tolika - Noesis Eshop\",\"isPartOf\":{\"@id\":\"https:\/\/noesis-shop.gr\/#website\"},\"primaryImageOfPage\":{\"@id\":\"https:\/\/noesis-shop.gr\/en\/product\/mundus-tolika-sophia\/#primaryimage\"},\"image\":{\"@id\":\"https:\/\/noesis-shop.gr\/en\/product\/mundus-tolika-sophia\/#primaryimage\"},\"thumbnailUrl\":\"https:\/\/noesis-shop.gr\/wp-content\/uploads\/2022\/03\/MUNDUS.jpg\",\"datePublished\":\"2022-03-15T08:14:51+00:00\",\"dateModified\":\"2022-03-15T08:20:50+00:00\",\"breadcrumb\":{\"@id\":\"https:\/\/noesis-shop.gr\/en\/product\/mundus-tolika-sophia\/#breadcrumb\"},\"inLanguage\":\"en-US\",\"potentialAction\":[{\"@type\":\"ReadAction\",\"target\":[\"https:\/\/noesis-shop.gr\/en\/product\/mundus-tolika-sophia\/\"]}]},{\"@type\":\"ImageObject\",\"inLanguage\":\"en-US\",\"@id\":\"https:\/\/noesis-shop.gr\/en\/product\/mundus-tolika-sophia\/#primaryimage\",\"url\":\"https:\/\/noesis-shop.gr\/wp-content\/uploads\/2022\/03\/MUNDUS.jpg\",\"contentUrl\":\"https:\/\/noesis-shop.gr\/wp-content\/uploads\/2022\/03\/MUNDUS.jpg\",\"width\":1050,\"height\":1050,\"caption\":\"Mundus Sophia Tolika\"},{\"@type\":\"BreadcrumbList\",\"@id\":\"https:\/\/noesis-shop.gr\/en\/product\/mundus-tolika-sophia\/#breadcrumb\",\"itemListElement\":[{\"@type\":\"ListItem\",\"position\":1,\"name\":\"\u0391\u03c1\u03c7\u03b9\u03ba\u03ae\",\"item\":\"https:\/\/noesis-shop.gr\/en\/\"},{\"@type\":\"ListItem\",\"position\":2,\"name\":\"\u03a0\u03c1\u03bf\u03ca\u03cc\u03bd\u03c4\u03b1\",\"item\":\"https:\/\/noesis-shop.gr\/shop\/\"},{\"@type\":\"ListItem\",\"position\":3,\"name\":\"MUNDUS Sophia Tolika\"}]},{\"@type\":\"WebSite\",\"@id\":\"https:\/\/noesis-shop.gr\/#website\",\"url\":\"https:\/\/noesis-shop.gr\/\",\"name\":\"Noesis Eshop\",\"description\":\"Shop For Creative Minds\",\"publisher\":{\"@id\":\"https:\/\/noesis-shop.gr\/#organization\"},\"potentialAction\":[{\"@type\":\"SearchAction\",\"target\":{\"@type\":\"EntryPoint\",\"urlTemplate\":\"https:\/\/noesis-shop.gr\/?s={search_term_string}\"},\"query-input\":{\"@type\":\"PropertyValueSpecification\",\"valueRequired\":true,\"valueName\":\"search_term_string\"}}],\"inLanguage\":\"en-US\"},{\"@type\":\"Organization\",\"@id\":\"https:\/\/noesis-shop.gr\/#organization\",\"name\":\"Noesis Shop\",\"url\":\"https:\/\/noesis-shop.gr\/\",\"logo\":{\"@type\":\"ImageObject\",\"inLanguage\":\"en-US\",\"@id\":\"https:\/\/noesis-shop.gr\/#\/schema\/logo\/image\/\",\"url\":\"https:\/\/noesis-shop.gr\/wp-content\/uploads\/2021\/06\/noesis-shop-min.jpg\",\"contentUrl\":\"https:\/\/noesis-shop.gr\/wp-content\/uploads\/2021\/06\/noesis-shop-min.jpg\",\"width\":1336,\"height\":1300,\"caption\":\"Noesis Shop\"},\"image\":{\"@id\":\"https:\/\/noesis-shop.gr\/#\/schema\/logo\/image\/\"},\"sameAs\":[\"https:\/\/www.facebook.com\/NoesisScienceCenter\"]}]}<\/script>\n<!-- \/ Yoast SEO plugin. -->","yoast_head_json":{"title":"MUNDUS Sophia Tolika - Noesis Eshop","robots":{"index":"index","follow":"follow","max-snippet":"max-snippet:-1","max-image-preview":"max-image-preview:large","max-video-preview":"max-video-preview:-1"},"canonical":"https:\/\/noesis-shop.gr\/en\/product\/mundus-tolika-sophia\/","og_locale":"en_US","og_type":"article","og_title":"MUNDUS Sophia Tolika - Noesis Eshop","og_description":"Sophia Tolika - MUNDUS  MUNDUS (the Latin word for World) is a journey through spaces and materials, signs of life and personal items investigating the relationship between the subterranean world and the Cosmos.  Photos, taken between 2010-2019 during the construction of underground infrastructure in the city of Thessaloniki reveal an invisible world that is in constant flux, shaped through explosions and demolitions, metamorphoses and transformations, thrusts and reconstructions. Connotations are evoked primarily from visual references to outer space, space missions and astronomical drawings, as well as through the alternating scale and angle of view of the pictures.  MUNDUS brings out the beauty of exploration and the mystery of creation combining art with science, the imaginary with the real and the earthy with the aerial, through a visual process that borrows from geology, engineering, astronomy, mathematics and art.   Edited by: Moritz Neum\u00fcller  Designed by: Jaime Narv\u00e0ez  Printed in Spain by: Artes Gr\u00e1ficas Palermo  112 pages","og_url":"https:\/\/noesis-shop.gr\/en\/product\/mundus-tolika-sophia\/","og_site_name":"Noesis Eshop","article_publisher":"https:\/\/www.facebook.com\/NoesisScienceCenter","article_modified_time":"2022-03-15T08:20:50+00:00","og_image":[{"width":1050,"height":1050,"url":"https:\/\/noesis-shop.gr\/wp-content\/uploads\/2022\/03\/MUNDUS.jpg","type":"image\/jpeg"}],"twitter_card":"summary_large_image","schema":{"@context":"https:\/\/schema.org","@graph":[{"@type":"WebPage","@id":"https:\/\/noesis-shop.gr\/en\/product\/mundus-tolika-sophia\/","url":"https:\/\/noesis-shop.gr\/en\/product\/mundus-tolika-sophia\/","name":"MUNDUS Sophia Tolika - Noesis Eshop","isPartOf":{"@id":"https:\/\/noesis-shop.gr\/#website"},"primaryImageOfPage":{"@id":"https:\/\/noesis-shop.gr\/en\/product\/mundus-tolika-sophia\/#primaryimage"},"image":{"@id":"https:\/\/noesis-shop.gr\/en\/product\/mundus-tolika-sophia\/#primaryimage"},"thumbnailUrl":"https:\/\/noesis-shop.gr\/wp-content\/uploads\/2022\/03\/MUNDUS.jpg","datePublished":"2022-03-15T08:14:51+00:00","dateModified":"2022-03-15T08:20:50+00:00","breadcrumb":{"@id":"https:\/\/noesis-shop.gr\/en\/product\/mundus-tolika-sophia\/#breadcrumb"},"inLanguage":"en-US","potentialAction":[{"@type":"ReadAction","target":["https:\/\/noesis-shop.gr\/en\/product\/mundus-tolika-sophia\/"]}]},{"@type":"ImageObject","inLanguage":"en-US","@id":"https:\/\/noesis-shop.gr\/en\/product\/mundus-tolika-sophia\/#primaryimage","url":"https:\/\/noesis-shop.gr\/wp-content\/uploads\/2022\/03\/MUNDUS.jpg","contentUrl":"https:\/\/noesis-shop.gr\/wp-content\/uploads\/2022\/03\/MUNDUS.jpg","width":1050,"height":1050,"caption":"Mundus Sophia Tolika"},{"@type":"BreadcrumbList","@id":"https:\/\/noesis-shop.gr\/en\/product\/mundus-tolika-sophia\/#breadcrumb","itemListElement":[{"@type":"ListItem","position":1,"name":"\u0391\u03c1\u03c7\u03b9\u03ba\u03ae","item":"https:\/\/noesis-shop.gr\/en\/"},{"@type":"ListItem","position":2,"name":"\u03a0\u03c1\u03bf\u03ca\u03cc\u03bd\u03c4\u03b1","item":"https:\/\/noesis-shop.gr\/shop\/"},{"@type":"ListItem","position":3,"name":"MUNDUS Sophia Tolika"}]},{"@type":"WebSite","@id":"https:\/\/noesis-shop.gr\/#website","url":"https:\/\/noesis-shop.gr\/","name":"Noesis Eshop","description":"Shop For Creative Minds","publisher":{"@id":"https:\/\/noesis-shop.gr\/#organization"},"potentialAction":[{"@type":"SearchAction","target":{"@type":"EntryPoint","urlTemplate":"https:\/\/noesis-shop.gr\/?s={search_term_string}"},"query-input":{"@type":"PropertyValueSpecification","valueRequired":true,"valueName":"search_term_string"}}],"inLanguage":"en-US"},{"@type":"Organization","@id":"https:\/\/noesis-shop.gr\/#organization","name":"Noesis Shop","url":"https:\/\/noesis-shop.gr\/","logo":{"@type":"ImageObject","inLanguage":"en-US","@id":"https:\/\/noesis-shop.gr\/#\/schema\/logo\/image\/","url":"https:\/\/noesis-shop.gr\/wp-content\/uploads\/2021\/06\/noesis-shop-min.jpg","contentUrl":"https:\/\/noesis-shop.gr\/wp-content\/uploads\/2021\/06\/noesis-shop-min.jpg","width":1336,"height":1300,"caption":"Noesis Shop"},"image":{"@id":"https:\/\/noesis-shop.gr\/#\/schema\/logo\/image\/"},"sameAs":["https:\/\/www.facebook.com\/NoesisScienceCenter"]}]}},"_links":{"self":[{"href":"https:\/\/noesis-shop.gr\/en\/wp-json\/wp\/v2\/product\/27352","targetHints":{"allow":["GET"]}}],"collection":[{"href":"https:\/\/noesis-shop.gr\/en\/wp-json\/wp\/v2\/product"}],"about":[{"href":"https:\/\/noesis-shop.gr\/en\/wp-json\/wp\/v2\/types\/product"}],"replies":[{"embeddable":true,"href":"https:\/\/noesis-shop.gr\/en\/wp-json\/wp\/v2\/comments?post=27352"}],"wp:featuredmedia":[{"embeddable":true,"href":"https:\/\/noesis-shop.gr\/en\/wp-json\/wp\/v2\/media\/27338"}],"wp:attachment":[{"href":"https:\/\/noesis-shop.gr\/en\/wp-json\/wp\/v2\/media?parent=27352"}],"wp:term":[{"taxonomy":"product_brand","embeddable":true,"href":"https:\/\/noesis-shop.gr\/en\/wp-json\/wp\/v2\/product_brand?post=27352"},{"taxonomy":"product_cat","embeddable":true,"href":"https:\/\/noesis-shop.gr\/en\/wp-json\/wp\/v2\/product_cat?post=27352"},{"taxonomy":"product_tag","embeddable":true,"href":"https:\/\/noesis-shop.gr\/en\/wp-json\/wp\/v2\/product_tag?post=27352"}],"curies":[{"name":"wp","href":"https:\/\/api.w.org\/{rel}","templated":true}]}}